{"id":144,"date":"2024-10-02T19:49:22","date_gmt":"2024-10-02T19:49:22","guid":{"rendered":"https:\/\/omicroniot.com\/?page_id=144"},"modified":"2024-10-02T21:16:19","modified_gmt":"2024-10-02T21:16:19","slug":"cold-chain-monitoring","status":"publish","type":"page","link":"https:\/\/omicroniot.com\/es\/cold-chain-monitoring\/","title":{"rendered":"Cold chain monitoring"},"content":{"rendered":"<div data-elementor-type=\"wp-page\" data-elementor-id=\"144\" class=\"elementor elementor-144\" data-elementor-post-type=\"page\">\n\t\t\t\t<div class=\"elementor-element elementor-element-920cf5b e-con-full e-flex e-con e-parent\" data-id=\"920cf5b\" data-element_type=\"container\">\n\t\t<div class=\"elementor-element elementor-element-eb3db03 e-con-full e-flex e-con e-child\" data-id=\"eb3db03\" data-element_type=\"container\">\n\t\t\t\t<div class=\"elementor-element elementor-element-a00381f elementor-arrows-position-inside elementor-widget elementor-widget-image-carousel\" data-id=\"a00381f\" data-element_type=\"widget\" data-settings=\"{&quot;slides_to_show&quot;:&quot;1&quot;,&quot;navigation&quot;:&quot;arrows&quot;,&quot;autoplay&quot;:&quot;yes&quot;,&quot;pause_on_hover&quot;:&quot;yes&quot;,&quot;pause_on_interaction&quot;:&quot;yes&quot;,&quot;autoplay_speed&quot;:5000,&quot;infinite&quot;:&quot;yes&quot;,&quot;effect&quot;:&quot;slide&quot;,&quot;speed&quot;:500}\" data-widget_type=\"image-carousel.default\">\n\t\t\t\t<div class=\"elementor-widget-container\">\n\t\t\t\t\t\t\t<div class=\"elementor-image-carousel-wrapper swiper\" role=\"region\" aria-roledescription=\"carousel\" aria-label=\"Image Carousel\" dir=\"ltr\">\n\t\t\t<div class=\"elementor-image-carousel swiper-wrapper\" aria-live=\"off\">\n\t\t\t\t\t\t\t\t<div class=\"swiper-slide\" role=\"group\" aria-roledescription=\"slide\" aria-label=\"1 of 3\"><figure class=\"swiper-slide-inner\"><img decoding=\"async\" class=\"swiper-slide-image\" src=\"https:\/\/omicroniot.com\/wp-content\/uploads\/2024\/10\/DSC_0094-min.webp\" alt=\"DSC_0094-min\" \/><\/figure><\/div><div class=\"swiper-slide\" role=\"group\" aria-roledescription=\"slide\" aria-label=\"2 of 3\"><figure class=\"swiper-slide-inner\"><img decoding=\"async\" class=\"swiper-slide-image\" src=\"https:\/\/omicroniot.com\/wp-content\/uploads\/2024\/10\/DSC_0073-min.webp\" alt=\"DSC_0073-min\" \/><\/figure><\/div><div class=\"swiper-slide\" role=\"group\" aria-roledescription=\"slide\" aria-label=\"3 of 3\"><figure class=\"swiper-slide-inner\"><img decoding=\"async\" class=\"swiper-slide-image\" src=\"https:\/\/omicroniot.com\/wp-content\/uploads\/2024\/10\/humitemp-imagen3-min.webp\" alt=\"humitemp-imagen3-min\" \/><\/figure><\/div>\t\t\t<\/div>\n\t\t\t\t\t\t\t\t\t\t\t\t<div class=\"elementor-swiper-button elementor-swiper-button-prev\" role=\"button\" tabindex=\"0\">\n\t\t\t\t\t\t<svg aria-hidden=\"true\" class=\"e-font-icon-svg e-eicon-chevron-left\" viewbox=\"0 0 1000 1000\" xmlns=\"http:\/\/www.w3.org\/2000\/svg\"><path d=\"M646 125C629 125 613 133 604 142L308 442C296 454 292 471 292 487 292 504 296 521 308 533L604 854C617 867 629 875 646 875 663 875 679 871 692 858 704 846 713 829 713 812 713 796 708 779 692 767L438 487 692 225C700 217 708 204 708 187 708 171 704 154 692 142 675 129 663 125 646 125Z\"><\/path><\/svg>\t\t\t\t\t<\/div>\n\t\t\t\t\t<div class=\"elementor-swiper-button elementor-swiper-button-next\" role=\"button\" tabindex=\"0\">\n\t\t\t\t\t\t<svg aria-hidden=\"true\" class=\"e-font-icon-svg e-eicon-chevron-right\" viewbox=\"0 0 1000 1000\" xmlns=\"http:\/\/www.w3.org\/2000\/svg\"><path d=\"M696 533C708 521 713 504 713 487 713 471 708 454 696 446L400 146C388 133 375 125 354 125 338 125 325 129 313 142 300 154 292 171 292 187 292 204 296 221 308 233L563 492 304 771C292 783 288 800 288 817 288 833 296 850 308 863 321 871 338 875 354 875 371 875 388 867 400 854L696 533Z\"><\/path><\/svg>\t\t\t\t\t<\/div>\n\t\t\t\t\n\t\t\t\t\t\t\t\t\t<\/div>\n\t\t\t\t\t\t<\/div>\n\t\t\t\t<\/div>\n\t\t\t\t<\/div>\n\t\t<div class=\"elementor-element elementor-element-5294d90 e-con-full e-flex e-con e-child\" data-id=\"5294d90\" data-element_type=\"container\">\n\t\t<div class=\"elementor-element elementor-element-b2a46b5 e-con-full e-flex e-con e-child\" data-id=\"b2a46b5\" data-element_type=\"container\">\n\t\t\t\t<div class=\"elementor-element elementor-element-d5db5a5 elementor-widget elementor-widget-heading\" data-id=\"d5db5a5\" data-element_type=\"widget\" data-widget_type=\"heading.default\">\n\t\t\t\t<div class=\"elementor-widget-container\">\n\t\t\t\t\t<h1 class=\"elementor-heading-title elementor-size-default\">Humitemp\u00ae<\/h1>\t\t\t\t<\/div>\n\t\t\t\t<\/div>\n\t\t\t\t<\/div>\n\t\t\t\t<div class=\"elementor-element elementor-element-6b034da elementor-widget elementor-widget-heading\" data-id=\"6b034da\" data-element_type=\"widget\" data-widget_type=\"heading.default\">\n\t\t\t\t<div class=\"elementor-widget-container\">\n\t\t\t\t\t<h2 class=\"elementor-heading-title elementor-size-default\">LoRaWAN\u2122\/Sigfox y WiFi Dispositivo IoT para Monitoreo de Cadena de Fr\u00edo<\/h2>\t\t\t\t<\/div>\n\t\t\t\t<\/div>\n\t\t\t\t<div class=\"elementor-element elementor-element-5aa4e07 elementor-align-center elementor-mobile-align-justify elementor-widget elementor-widget-button\" data-id=\"5aa4e07\" data-element_type=\"widget\" data-widget_type=\"button.default\">\n\t\t\t\t<div class=\"elementor-widget-container\">\n\t\t\t\t\t\t\t\t\t<div class=\"elementor-button-wrapper\">\n\t\t\t\t\t<a class=\"elementor-button elementor-button-link elementor-size-sm\" href=\"https:\/\/api.whatsapp.com\/send?phone=573174365062\" target=\"_blank\">\n\t\t\t\t\t\t<span class=\"elementor-button-content-wrapper\">\n\t\t\t\t\t\t<span class=\"elementor-button-icon\">\n\t\t\t\t<svg aria-hidden=\"true\" class=\"e-font-icon-svg e-fab-whatsapp\" viewbox=\"0 0 448 512\" xmlns=\"http:\/\/www.w3.org\/2000\/svg\"><path d=\"M380.9 97.1C339 55.1 283.2 32 223.9 32c-122.4 0-222 99.6-222 222 0 39.1 10.2 77.3 29.6 111L0 480l117.7-30.9c32.4 17.7 68.9 27 106.1 27h.1c122.3 0 224.1-99.6 224.1-222 0-59.3-25.2-115-67.1-157zm-157 341.6c-33.2 0-65.7-8.9-94-25.7l-6.7-4-69.8 18.3L72 359.2l-4.4-7c-18.5-29.4-28.2-63.3-28.2-98.2 0-101.7 82.8-184.5 184.6-184.5 49.3 0 95.6 19.2 130.4 54.1 34.8 34.9 56.2 81.2 56.1 130.5 0 101.8-84.9 184.6-186.6 184.6zm101.2-138.2c-5.5-2.8-32.8-16.2-37.9-18-5.1-1.9-8.8-2.8-12.5 2.8-3.7 5.6-14.3 18-17.6 21.8-3.2 3.7-6.5 4.2-12 1.4-32.6-16.3-54-29.1-75.5-66-5.7-9.8 5.7-9.1 16.3-30.3 1.8-3.7.9-6.9-.5-9.7-1.4-2.8-12.5-30.1-17.1-41.2-4.5-10.8-9.1-9.3-12.5-9.5-3.2-.2-6.9-.2-10.6-.2-3.7 0-9.7 1.4-14.8 6.9-5.1 5.6-19.4 19-19.4 46.3 0 27.3 19.9 53.7 22.6 57.4 2.8 3.7 39.1 59.7 94.8 83.8 35.2 15.2 49 16.5 66.6 13.9 10.7-1.6 32.8-13.4 37.4-26.4 4.6-13 4.6-24.1 3.2-26.4-1.3-2.5-5-3.9-10.5-6.6z\"><\/path><\/svg>\t\t\t<\/span>\n\t\t\t\t\t\t\t\t\t<span class=\"elementor-button-text\">Obtener un plan de precios<\/span>\n\t\t\t\t\t<\/span>\n\t\t\t\t\t<\/a>\n\t\t\t\t<\/div>\n\t\t\t\t\t\t\t\t<\/div>\n\t\t\t\t<\/div>\n\t\t\t\t<\/div>\n\t\t\t\t<\/div>\n\t\t<div class=\"elementor-element elementor-element-b0fd6c3 e-con-full e-flex e-con e-parent\" data-id=\"b0fd6c3\" data-element_type=\"container\">\n\t\t\t\t<div class=\"elementor-element elementor-element-9bdf4e0 e-n-tabs-mobile elementor-widget elementor-widget-n-tabs\" data-id=\"9bdf4e0\" data-element_type=\"widget\" data-settings=\"{&quot;tabs_justify_horizontal&quot;:&quot;stretch&quot;,&quot;horizontal_scroll&quot;:&quot;disable&quot;}\" data-widget_type=\"nested-tabs.default\">\n\t\t\t\t<div class=\"elementor-widget-container\">\n\t\t\t\t\t\t\t<div class=\"e-n-tabs\" data-widget-number=\"163443936\" aria-label=\"Tabs. Open items with Enter or Space, close with Escape and navigate using the Arrow keys.\">\n\t\t\t<div class=\"e-n-tabs-heading\" role=\"tablist\">\n\t\t\t\t\t<button id=\"e-n-tab-title-1634439361\" class=\"e-n-tab-title\" aria-selected=\"true\" data-tab-index=\"1\" role=\"tab\" tabindex=\"0\" aria-controls=\"e-n-tab-content-1634439361\" style=\"--n-tabs-title-order: 1;\">\n\t\t\t\t\t\t<span class=\"e-n-tab-title-text\">\n\t\t\t\tDESCRIPCI\u00d3N\t\t\t<\/span>\n\t\t<\/button>\n\t\t\t\t<button id=\"e-n-tab-title-1634439362\" class=\"e-n-tab-title\" aria-selected=\"false\" data-tab-index=\"2\" role=\"tab\" tabindex=\"-1\" aria-controls=\"e-n-tab-content-1634439362\" style=\"--n-tabs-title-order: 2;\">\n\t\t\t\t\t\t<span class=\"e-n-tab-title-text\">\n\t\t\t\tCARACT\u00cdSTICAS\t\t\t<\/span>\n\t\t<\/button>\n\t\t\t\t<button id=\"e-n-tab-title-1634439363\" class=\"e-n-tab-title\" aria-selected=\"false\" data-tab-index=\"3\" role=\"tab\" tabindex=\"-1\" aria-controls=\"e-n-tab-content-1634439363\" style=\"--n-tabs-title-order: 3;\">\n\t\t\t\t\t\t<span class=\"e-n-tab-title-text\">\n\t\t\t\tINFORMACI\u00d3N DE SOPORTE\t\t\t<\/span>\n\t\t<\/button>\n\t\t\t\t<button id=\"e-n-tab-title-1634439364\" class=\"e-n-tab-title\" aria-selected=\"false\" data-tab-index=\"4\" role=\"tab\" tabindex=\"-1\" aria-controls=\"e-n-tab-content-1634439364\" style=\"--n-tabs-title-order: 4;\">\n\t\t\t\t\t\t<span class=\"e-n-tab-title-text\">\n\t\t\t\tACCESORIOS\t\t\t<\/span>\n\t\t<\/button>\n\t\t\t\t<button id=\"e-n-tab-title-1634439365\" class=\"e-n-tab-title\" aria-selected=\"false\" data-tab-index=\"5\" role=\"tab\" tabindex=\"-1\" aria-controls=\"e-n-tab-content-1634439365\" style=\"--n-tabs-title-order: 5;\">\n\t\t\t\t\t\t<span class=\"e-n-tab-title-text\">\n\t\t\t\tAPLICACIONES\t\t\t<\/span>\n\t\t<\/button>\n\t\t\t\t\t<\/div>\n\t\t\t<div class=\"e-n-tabs-content\">\n\t\t\t\t<div id=\"e-n-tab-content-1634439361\" role=\"tabpanel\" aria-labelledby=\"e-n-tab-title-1634439361\" data-tab-index=\"1\" style=\"--n-tabs-title-order: 1;\" class=\"e-active elementor-element elementor-element-07b8632 e-con-full e-flex e-con e-child\" data-id=\"07b8632\" data-element_type=\"container\">\n\t\t\t\t<div class=\"elementor-element elementor-element-3761b9f elementor-widget elementor-widget-text-editor\" data-id=\"3761b9f\" data-element_type=\"widget\" data-widget_type=\"text-editor.default\">\n\t\t\t\t<div class=\"elementor-widget-container\">\n\t\t\t\t\t\t\t\t\t<p>El <strong>Humitemp\u00ae<\/strong> ha sido dise\u00f1ado para la <strong>visualizaci\u00f3n en sitio y la monitorizaci\u00f3n remota de la humedad relativa, la temperatura ambiente, de refrigeraci\u00f3n y congelaci\u00f3n, y los estados de las puertas en entornos o procesos que requieren un seguimiento preciso de estas variables<\/strong>. Se ofrecen con soporte de plataforma de WEB IoT para monitoreo de variables y pantalla LCD de 4 d\u00edgitos.<\/p><p>Dadas sus caracter\u00edsticas y la posibilidad de acoplar sensores externos, el <strong>Humitemp\u00ae<\/strong> resulta una soluci\u00f3n eficiente y fiable en aplicaciones como laboratorios, bancos de sangre, plantas de producci\u00f3n y procesamiento de alimentos, hospitales, cuartos fr\u00edos, neveras, c\u00e1maras de estabilidad, incubadoras, salas de servidores, cultivos de flores, entre muchos otros.<\/p><p>Es posible realizar configuraciones en sitio, accediendo a la lista de par\u00e1metros configurables a trav\u00e9s de los botones, para revisar o cambiar el valor de variables como l\u00edmites de alarma, ajustes de medida, habilitar o deshabilitar sensores, nivel de alarma sonora, tiempo de publicaci\u00f3n, unidades de medida, entre otros. A su vez, se encuentra soportada la configuraci\u00f3n remota de par\u00e1metros propios del equipo, esto puede hacerse a trav\u00e9s del uso de una plataforma de configuraci\u00f3n remota IoT.<\/p><p>Para ello, se ofrece a los clientes de manera opcional la licencia para el uso de una plataforma de monitorizaci\u00f3n y configuraci\u00f3n remota del dispositivo, respaldada por el fabricante. Dicha plataforma permite la visualizaci\u00f3n de cuadros de mando en tiempo real con las variables de inter\u00e9s, presenta alarmas con indicaciones visuales, env\u00eda mensajes de aviso externos a trav\u00e9s de correo electr\u00f3nico, SMS y mensajes de Telegram o v\u00eda Webhooks, mantiene registros de datos de hasta dos a\u00f1os y realiza un seguimiento de las acciones correctivas y comentarios realizados cuando se han producido alarmas. El uso de otras plataformas de monitorizaci\u00f3n de preferencia del usuario tambi\u00e9n se encuentra soportado.<\/p>\t\t\t\t\t\t\t\t<\/div>\n\t\t\t\t<\/div>\n\t\t\t\t<\/div>\n\t\t<div id=\"e-n-tab-content-1634439362\" role=\"tabpanel\" aria-labelledby=\"e-n-tab-title-1634439362\" data-tab-index=\"2\" style=\"--n-tabs-title-order: 2;\" class=\"elementor-element elementor-element-8721b86 e-con-full e-flex e-con e-child\" data-id=\"8721b86\" data-element_type=\"container\">\n\t\t\t\t<div class=\"elementor-element elementor-element-4515c80 elementor-widget elementor-widget-text-editor\" data-id=\"4515c80\" data-element_type=\"widget\" data-widget_type=\"text-editor.default\">\n\t\t\t\t<div class=\"elementor-widget-container\">\n\t\t\t\t\t\t\t\t\tLas principales caracter\u00edsticas del <strong>Humitemp\u00ae<\/strong> inlcuyen:\n<ul>\n \t<li>Puerto de comunicaci\u00f3n, donde puede instalarse un m\u00f3dulo de comunicaci\u00f3n dual con protocolos para <strong>LoRaWAN\u2122\/Sigfox<\/strong> para las zonas EE.UU.\/UE\/Latam\/Australia, o un <strong>Wi-Fi<\/strong> m\u00f3dulo de transmisi\u00f3n inal\u00e1mbrica<\/li>\n \t<li>Visualizaci\u00f3n en sitio con display LCD.<\/li>\n \t<li>Recibe hasta 2 sensores externos de temperatura o de estado de puerta.<\/li>\n \t<li>Incluye un sensor integrado de temperatura ambiente y humedad relativa.<\/li>\n \t<li>Puede alimentarse con un adaptador de AC\/DC y tiene una bater\u00eda de respaldo de 2 pilas AA.<\/li>\n \t<li>Alarmas sonoras incorporadas.<\/li>\n \t<li>Configuraci\u00f3n en sitio y remota de par\u00e1metros.<\/li>\n \t<li>Posibilidad de membres\u00eda para el uso de una <strong>plataforma para monitoreo y configuraci\u00f3n remota,<\/strong>soportada por el fabricante. Integraci\u00f3n a la plataforma web para monitorizaci\u00f3n remota a trav\u00e9s de PC, Tablet o Smartphone, para la visualizaci\u00f3n de mediciones actuales, configuraci\u00f3n remota de par\u00e1metros, registro gr\u00e1fico de cada variable por hasta 2 a\u00f1os, y visualizaci\u00f3n y env\u00edo de alarmas externas por correo electr\u00f3nico, SMS, buz\u00f3n de voz, Telegram y v\u00eda Webhooks.<\/li>\n \t<li>Con comunicaci\u00f3n LoRaWAN\u2122 o Wi-Fi almacenamiento temporal fuera de l\u00ednea de hasta 140 mensajes, en caso de fallo de conexi\u00f3n a la red.  Gracias al sistema de reloj de tiempo real (RTC) que posee el Humitemp\u00ae y la capacidad de sincronizar este reloj a trav\u00e9s de la comunicaci\u00f3n con el servicio de software, de tal manera que almacena como respaldo los \u00faltimos 140 mensajes enviados, con una estampa correcta de tiempo.<\/li>\n<\/ul>\t\t\t\t\t\t\t\t<\/div>\n\t\t\t\t<\/div>\n\t\t\t\t<\/div>\n\t\t<div id=\"e-n-tab-content-1634439363\" role=\"tabpanel\" aria-labelledby=\"e-n-tab-title-1634439363\" data-tab-index=\"3\" style=\"--n-tabs-title-order: 3;\" class=\"elementor-element elementor-element-74789b7 e-con-full e-flex e-con e-child\" data-id=\"74789b7\" data-element_type=\"container\">\n\t\t\t\t<div class=\"elementor-element elementor-element-1905841 elementor-widget elementor-widget-text-editor\" data-id=\"1905841\" data-element_type=\"widget\" data-widget_type=\"text-editor.default\">\n\t\t\t\t<div class=\"elementor-widget-container\">\n\t\t\t\t\t\t\t\t\tUna gran cantidad de informaci\u00f3n documental y de soporte se encuentra disponible, con esta podr\u00e1 conocer y entender todos los aspectos necesarios para ordenar su dispositivo Humitemp\u00ae, los accesorios que mejor se adapten a su aplicaci\u00f3n, y aprender a utilizar cada uno de los componentes y las funcionalidades que el Humitemp\u00ae ofrece.\n<ul>\n \t<li>Manual del Usuario\u00a0 <a href=\"\/wp-content\/uploads\/2024\/10\/Humitemp-Users-Manual-V-1.7.pdf\" target=\"_blank\" rel=\"noopener\"><span style=\"color: #ff0000;\"><strong>Descargar PDF<\/strong><\/span><\/a><\/li>\n \t<li>Gu\u00eda de Inicio R\u00e1pido\u00a0 <a href=\"\/wp-content\/uploads\/2024\/10\/Humitemp-Quick-Start-Guide-V-1.6.pdf\" target=\"_blank\" rel=\"noopener\"><span style=\"color: #ff0000;\"><strong>Descargar PDF<\/strong><\/span><\/a><\/li>\n \t<li>Hoja de Datos del Humitemp\u00ae\u00a0 <a href=\"\/wp-content\/uploads\/2024\/10\/Humitemp-Datasheet-V-1.3.pdf\" target=\"_blank\" rel=\"noopener\"><span style=\"color: #ff0000;\"><strong>Descargar PDF<\/strong><\/span><\/a><\/li>\n \t<li>Repositorio Web \u2013 Humitemp\u00ae (GitHub):\n<ul>\n \t<li><a href=\"https:\/\/github.com\/Omicron-IoT-Solutions\/Humitemp\">https:\/\/github.com\/Omicron-IoT-Solutions\/Humitemp<\/a><\/li>\n<\/ul>\n<\/li>\n \t<li>Canal de YouTube \u2013 Lista Humitemp (YouTube):\n<ul>\n \t<li><a href=\"https:\/\/www.youtube.com\/playlist?list=PLyuRcsMDP86L-GV_F1zmGSk35VvuMw8yo\">https:\/\/www.youtube.com\/playlist?list=PLyuRcsMDP86L-GV_F1zmGSk35VvuMw8yo<\/a><\/li>\n<\/ul>\n<\/li>\n<\/ul>\nDonde podr\u00e1 encontrar tutoriales como:\n<ul>\n \t<li style=\"list-style-type: none;\">\n<ul>\n \t<li>Connect your Humitemp\u00ae to The Things Network (TTN) \u2013 LoRaWAN\u2122<\/li>\n \t<li>Connect your Humitemp\u00ae to the Sigfox Backend \u2013 Sigfox<\/li>\n \t<li>Get To Know the Humitemp\u00ae<\/li>\n \t<li>Humitemp\u00ae Mounting Guide<\/li>\n \t<li>Humitemp\u00ae Settings Menu<\/li>\n<\/ul>\n<\/li>\n<\/ul>\t\t\t\t\t\t\t\t<\/div>\n\t\t\t\t<\/div>\n\t\t\t\t<\/div>\n\t\t<div id=\"e-n-tab-content-1634439364\" role=\"tabpanel\" aria-labelledby=\"e-n-tab-title-1634439364\" data-tab-index=\"4\" style=\"--n-tabs-title-order: 4;\" class=\"elementor-element elementor-element-d8df6bc e-con-full e-flex e-con e-child\" data-id=\"d8df6bc\" data-element_type=\"container\">\n\t\t\t\t<div class=\"elementor-element elementor-element-e4bce4b elementor-widget elementor-widget-text-editor\" data-id=\"e4bce4b\" data-element_type=\"widget\" data-widget_type=\"text-editor.default\">\n\t\t\t\t<div class=\"elementor-widget-container\">\n\t\t\t\t\t\t\t\t\tExisten accesorios para el Humitemp\u00ae que pueden ser ordenados, logrando versatilidad y facilidad para cada caso de uso. La elecci\u00f3n y disposici\u00f3n cuidadosa de estos elementos permiten una personalizaci\u00f3n precisa, adapt\u00e1ndolo a las necesidades espec\u00edficas de cada usuario y logrando as\u00ed el mejor desempe\u00f1o posible en cada aplicaci\u00f3n.\n<ul>\n \t<li><strong>P\/N: HT-TEMP:<\/strong>\n<ul>\n \t<li>Sensor de Temperatura para Humitemp\u00ae, -40.0 \u00b0C (-40\u00b0F) a 80\u00b0C (176\u00b0F).<\/li>\n<\/ul>\n<\/li>\n \t<li><strong>P\/N: HT-DOOR:<\/strong>\n<ul>\n \t<li>Sensor digital de puerta para Humitemp\u00ae.<\/li>\n<\/ul>\n<\/li>\n<\/ul>\t\t\t\t\t\t\t\t<\/div>\n\t\t\t\t<\/div>\n\t\t\t\t<\/div>\n\t\t<div id=\"e-n-tab-content-1634439365\" role=\"tabpanel\" aria-labelledby=\"e-n-tab-title-1634439365\" data-tab-index=\"5\" style=\"--n-tabs-title-order: 5;\" class=\"elementor-element elementor-element-ebc18cf e-con-full e-flex e-con e-child\" data-id=\"ebc18cf\" data-element_type=\"container\">\n\t\t\t\t<div class=\"elementor-element elementor-element-4f55042 elementor-widget elementor-widget-text-editor\" data-id=\"4f55042\" data-element_type=\"widget\" data-widget_type=\"text-editor.default\">\n\t\t\t\t<div class=\"elementor-widget-container\">\n\t\t\t\t\t\t\t\t\t<p>El Humitemp\u00ae es un dispositivo vers\u00e1til, con capacidad de personalizaci\u00f3n y adaptabilidad a m\u00faltiples aplicaciones, tales como:<\/p><ul><li>Laboratorios.<\/li><li>Bancos de sangre.<\/li><li>Hospitales.<\/li><li>Cuartos fr\u00edos y\/o neveras.<\/li><li>C\u00e1maras de estabilidad.<\/li><li>Incubadoras.<\/li><li>Salas de servidores.<\/li><li>Cultivos de flores.<\/li><li>Plantas de producci\u00f3n y procesamiento de alimentos.<\/li><\/ul>\t\t\t\t\t\t\t\t<\/div>\n\t\t\t\t<\/div>\n\t\t\t\t<\/div>\n\t\t\t\t\t<\/div>\n\t\t<\/div>\n\t\t\t\t\t\t<\/div>\n\t\t\t\t<\/div>\n\t\t\t\t<\/div>\n\t\t\t\t<\/div>","protected":false},"excerpt":{"rendered":"<p>Humitemp\u00ae LoRaWAN\u2122\/Sigfox and WiFi IoT Monitoring Device for Cold Chain Get a pricing plan DESCRIPTION FEATURES SUPPORT INFORMATION ACCESORIES APPLICATIONS The Humitemp\u00ae has been designed for on-site visualization and remote monitoring of relative humidity, ambient, refrigeration and freezing temperatures, and door states in environments or processes that require accurate monitoring of these variables. They are [&hellip;]<\/p>","protected":false},"author":1,"featured_media":0,"parent":0,"menu_order":0,"comment_status":"closed","ping_status":"closed","template":"elementor_header_footer","meta":{"_joinchat":[],"footnotes":""},"class_list":["post-144","page","type-page","status-publish","hentry"],"_links":{"self":[{"href":"https:\/\/omicroniot.com\/es\/wp-json\/wp\/v2\/pages\/144","targetHints":{"allow":["GET"]}}],"collection":[{"href":"https:\/\/omicroniot.com\/es\/wp-json\/wp\/v2\/pages"}],"about":[{"href":"https:\/\/omicroniot.com\/es\/wp-json\/wp\/v2\/types\/page"}],"author":[{"embeddable":true,"href":"https:\/\/omicroniot.com\/es\/wp-json\/wp\/v2\/users\/1"}],"replies":[{"embeddable":true,"href":"https:\/\/omicroniot.com\/es\/wp-json\/wp\/v2\/comments?post=144"}],"version-history":[{"count":10,"href":"https:\/\/omicroniot.com\/es\/wp-json\/wp\/v2\/pages\/144\/revisions"}],"predecessor-version":[{"id":213,"href":"https:\/\/omicroniot.com\/es\/wp-json\/wp\/v2\/pages\/144\/revisions\/213"}],"wp:attachment":[{"href":"https:\/\/omicroniot.com\/es\/wp-json\/wp\/v2\/media?parent=144"}],"curies":[{"name":"wp","href":"https:\/\/api.w.org\/{rel}","templated":true}]}}