{"id":160,"date":"2024-10-02T20:08:04","date_gmt":"2024-10-02T20:08:04","guid":{"rendered":"https:\/\/omicroniot.com\/?page_id=160"},"modified":"2024-10-03T20:42:57","modified_gmt":"2024-10-03T20:42:57","slug":"animal-track","status":"publish","type":"page","link":"https:\/\/omicroniot.com\/es\/animal-track\/","title":{"rendered":"Animal track"},"content":{"rendered":"<div data-elementor-type=\"wp-page\" data-elementor-id=\"160\" class=\"elementor elementor-160\" data-elementor-post-type=\"page\">\n\t\t\t\t<div class=\"elementor-element elementor-element-f667daa e-con-full e-flex e-con e-parent\" data-id=\"f667daa\" data-element_type=\"container\">\n\t\t<div class=\"elementor-element elementor-element-9ab7995 e-con-full e-flex e-con e-child\" data-id=\"9ab7995\" data-element_type=\"container\">\n\t\t\t\t<div class=\"elementor-element elementor-element-f7c5934 elementor-arrows-position-inside elementor-widget elementor-widget-image-carousel\" data-id=\"f7c5934\" data-element_type=\"widget\" data-settings=\"{&quot;slides_to_show&quot;:&quot;1&quot;,&quot;navigation&quot;:&quot;arrows&quot;,&quot;autoplay&quot;:&quot;yes&quot;,&quot;pause_on_hover&quot;:&quot;yes&quot;,&quot;pause_on_interaction&quot;:&quot;yes&quot;,&quot;autoplay_speed&quot;:5000,&quot;infinite&quot;:&quot;yes&quot;,&quot;effect&quot;:&quot;slide&quot;,&quot;speed&quot;:500}\" data-widget_type=\"image-carousel.default\">\n\t\t\t\t<div class=\"elementor-widget-container\">\n\t\t\t\t\t\t\t<div class=\"elementor-image-carousel-wrapper swiper\" role=\"region\" aria-roledescription=\"carousel\" aria-label=\"Carrusel de im\u00e1genes\" dir=\"ltr\" data-no-translation-aria-label=\"\">\n\t\t\t<div class=\"elementor-image-carousel swiper-wrapper\" aria-live=\"off\">\n\t\t\t\t\t\t\t\t<div class=\"swiper-slide\" role=\"group\" aria-roledescription=\"slide\" aria-label=\"1 of 5\" data-no-translation-aria-label=\"\"><figure class=\"swiper-slide-inner\"><img decoding=\"async\" class=\"swiper-slide-image\" src=\"https:\/\/omicroniot.com\/wp-content\/uploads\/2024\/10\/IMG_20231016_113112-removebg-preview-transformed-1-min.webp\" alt=\"IMG_20231016_113112-removebg-preview-transformed-1-min\" \/><\/figure><\/div><div class=\"swiper-slide\" role=\"group\" aria-roledescription=\"slide\" aria-label=\"2 of 5\" data-no-translation-aria-label=\"\"><figure class=\"swiper-slide-inner\"><img decoding=\"async\" class=\"swiper-slide-image\" src=\"https:\/\/omicroniot.com\/wp-content\/uploads\/2024\/10\/reata_colocacion-min.webp\" alt=\"reata_colocacion-min\" \/><\/figure><\/div><div class=\"swiper-slide\" role=\"group\" aria-roledescription=\"slide\" aria-label=\"3 of 5\" data-no-translation-aria-label=\"\"><figure class=\"swiper-slide-inner\"><img decoding=\"async\" class=\"swiper-slide-image\" src=\"https:\/\/omicroniot.com\/wp-content\/uploads\/2024\/10\/RenderContrapeso-min.webp\" alt=\"RenderContrapeso-min\" \/><\/figure><\/div><div class=\"swiper-slide\" role=\"group\" aria-roledescription=\"slide\" aria-label=\"4 of 5\" data-no-translation-aria-label=\"\"><figure class=\"swiper-slide-inner\"><img decoding=\"async\" class=\"swiper-slide-image\" src=\"https:\/\/omicroniot.com\/wp-content\/uploads\/2024\/10\/cabrita_collar_ganado-min.webp\" alt=\"cabrita_collar_ganado-min\" \/><\/figure><\/div><div class=\"swiper-slide\" role=\"group\" aria-roledescription=\"slide\" aria-label=\"5 of 5\" data-no-translation-aria-label=\"\"><figure class=\"swiper-slide-inner\"><img decoding=\"async\" class=\"swiper-slide-image\" src=\"https:\/\/omicroniot.com\/wp-content\/uploads\/2024\/10\/dispositivo2-min.webp\" alt=\"dispositivo2-min\" \/><\/figure><\/div>\t\t\t<\/div>\n\t\t\t\t\t\t\t\t\t\t\t\t<div class=\"elementor-swiper-button elementor-swiper-button-prev\" role=\"button\" tabindex=\"0\">\n\t\t\t\t\t\t<svg aria-hidden=\"true\" class=\"e-font-icon-svg e-eicon-chevron-left\" viewbox=\"0 0 1000 1000\" xmlns=\"http:\/\/www.w3.org\/2000\/svg\"><path d=\"M646 125C629 125 613 133 604 142L308 442C296 454 292 471 292 487 292 504 296 521 308 533L604 854C617 867 629 875 646 875 663 875 679 871 692 858 704 846 713 829 713 812 713 796 708 779 692 767L438 487 692 225C700 217 708 204 708 187 708 171 704 154 692 142 675 129 663 125 646 125Z\"><\/path><\/svg>\t\t\t\t\t<\/div>\n\t\t\t\t\t<div class=\"elementor-swiper-button elementor-swiper-button-next\" role=\"button\" tabindex=\"0\">\n\t\t\t\t\t\t<svg aria-hidden=\"true\" class=\"e-font-icon-svg e-eicon-chevron-right\" viewbox=\"0 0 1000 1000\" xmlns=\"http:\/\/www.w3.org\/2000\/svg\"><path d=\"M696 533C708 521 713 504 713 487 713 471 708 454 696 446L400 146C388 133 375 125 354 125 338 125 325 129 313 142 300 154 292 171 292 187 292 204 296 221 308 233L563 492 304 771C292 783 288 800 288 817 288 833 296 850 308 863 321 871 338 875 354 875 371 875 388 867 400 854L696 533Z\"><\/path><\/svg>\t\t\t\t\t<\/div>\n\t\t\t\t\n\t\t\t\t\t\t\t\t\t<\/div>\n\t\t\t\t\t\t<\/div>\n\t\t\t\t<\/div>\n\t\t\t\t<\/div>\n\t\t<div class=\"elementor-element elementor-element-ae2dd70 e-con-full e-flex e-con e-child\" data-id=\"ae2dd70\" data-element_type=\"container\">\n\t\t<div class=\"elementor-element elementor-element-989d060 e-con-full e-flex e-con e-child\" data-id=\"989d060\" data-element_type=\"container\">\n\t\t\t\t<div class=\"elementor-element elementor-element-f53eca4 elementor-widget elementor-widget-heading\" data-id=\"f53eca4\" data-element_type=\"widget\" data-widget_type=\"heading.default\">\n\t\t\t\t<div class=\"elementor-widget-container\">\n\t\t\t\t\t<h1 class=\"elementor-heading-title elementor-size-default\">AnimalTrack<\/h1>\t\t\t\t<\/div>\n\t\t\t\t<\/div>\n\t\t\t\t<\/div>\n\t\t\t\t<div class=\"elementor-element elementor-element-5c507ab elementor-widget elementor-widget-heading\" data-id=\"5c507ab\" data-element_type=\"widget\" data-widget_type=\"heading.default\">\n\t\t\t\t<div class=\"elementor-widget-container\">\n\t\t\t\t\t<h2 class=\"elementor-heading-title elementor-size-default\">Dispositivo IoT LoRaWAN\u2122 y Sigfox para localizaci\u00f3n y seguimiento de animales.<\/h2>\t\t\t\t<\/div>\n\t\t\t\t<\/div>\n\t\t\t\t<div class=\"elementor-element elementor-element-89fce10 elementor-align-center elementor-mobile-align-justify elementor-widget elementor-widget-button\" data-id=\"89fce10\" data-element_type=\"widget\" data-widget_type=\"button.default\">\n\t\t\t\t<div class=\"elementor-widget-container\">\n\t\t\t\t\t\t\t\t\t<div class=\"elementor-button-wrapper\">\n\t\t\t\t\t<a class=\"elementor-button elementor-button-link elementor-size-sm\" href=\"https:\/\/api.whatsapp.com\/send?phone=573174365062\" target=\"_blank\">\n\t\t\t\t\t\t<span class=\"elementor-button-content-wrapper\">\n\t\t\t\t\t\t<span class=\"elementor-button-icon\">\n\t\t\t\t<svg aria-hidden=\"true\" class=\"e-font-icon-svg e-fab-whatsapp\" viewbox=\"0 0 448 512\" xmlns=\"http:\/\/www.w3.org\/2000\/svg\"><path d=\"M380.9 97.1C339 55.1 283.2 32 223.9 32c-122.4 0-222 99.6-222 222 0 39.1 10.2 77.3 29.6 111L0 480l117.7-30.9c32.4 17.7 68.9 27 106.1 27h.1c122.3 0 224.1-99.6 224.1-222 0-59.3-25.2-115-67.1-157zm-157 341.6c-33.2 0-65.7-8.9-94-25.7l-6.7-4-69.8 18.3L72 359.2l-4.4-7c-18.5-29.4-28.2-63.3-28.2-98.2 0-101.7 82.8-184.5 184.6-184.5 49.3 0 95.6 19.2 130.4 54.1 34.8 34.9 56.2 81.2 56.1 130.5 0 101.8-84.9 184.6-186.6 184.6zm101.2-138.2c-5.5-2.8-32.8-16.2-37.9-18-5.1-1.9-8.8-2.8-12.5 2.8-3.7 5.6-14.3 18-17.6 21.8-3.2 3.7-6.5 4.2-12 1.4-32.6-16.3-54-29.1-75.5-66-5.7-9.8 5.7-9.1 16.3-30.3 1.8-3.7.9-6.9-.5-9.7-1.4-2.8-12.5-30.1-17.1-41.2-4.5-10.8-9.1-9.3-12.5-9.5-3.2-.2-6.9-.2-10.6-.2-3.7 0-9.7 1.4-14.8 6.9-5.1 5.6-19.4 19-19.4 46.3 0 27.3 19.9 53.7 22.6 57.4 2.8 3.7 39.1 59.7 94.8 83.8 35.2 15.2 49 16.5 66.6 13.9 10.7-1.6 32.8-13.4 37.4-26.4 4.6-13 4.6-24.1 3.2-26.4-1.3-2.5-5-3.9-10.5-6.6z\"><\/path><\/svg>\t\t\t<\/span>\n\t\t\t\t\t\t\t\t\t<span class=\"elementor-button-text\">Obtener un plan de precios<\/span>\n\t\t\t\t\t<\/span>\n\t\t\t\t\t<\/a>\n\t\t\t\t<\/div>\n\t\t\t\t\t\t\t\t<\/div>\n\t\t\t\t<\/div>\n\t\t\t\t<\/div>\n\t\t\t\t<\/div>\n\t\t<div class=\"elementor-element elementor-element-6b65cd9 e-con-full e-flex e-con e-parent\" data-id=\"6b65cd9\" data-element_type=\"container\">\n\t\t\t\t<div class=\"elementor-element elementor-element-c1f3ab3 e-n-tabs-mobile elementor-widget elementor-widget-n-tabs\" data-id=\"c1f3ab3\" data-element_type=\"widget\" data-settings=\"{&quot;tabs_justify_horizontal&quot;:&quot;stretch&quot;,&quot;horizontal_scroll&quot;:&quot;disable&quot;}\" data-widget_type=\"nested-tabs.default\">\n\t\t\t\t<div class=\"elementor-widget-container\">\n\t\t\t\t\t\t\t<div class=\"e-n-tabs\" data-widget-number=\"203373235\" aria-label=\"Tabs. Open items with Enter or Space, close with Escape and navigate using the Arrow keys.\" data-no-translation-aria-label=\"\">\n\t\t\t<div class=\"e-n-tabs-heading\" role=\"tablist\">\n\t\t\t\t\t<button id=\"e-n-tab-title-2033732351\" class=\"e-n-tab-title\" aria-selected=\"true\" data-tab-index=\"1\" role=\"tab\" tabindex=\"0\" aria-controls=\"e-n-tab-content-2033732351\" style=\"--n-tabs-title-order: 1;\">\n\t\t\t\t\t\t<span class=\"e-n-tab-title-text\">\n\t\t\t\tDESCRIPCI\u00d3N\t\t\t<\/span>\n\t\t<\/button>\n\t\t\t\t<button id=\"e-n-tab-title-2033732352\" class=\"e-n-tab-title\" aria-selected=\"false\" data-tab-index=\"2\" role=\"tab\" tabindex=\"-1\" aria-controls=\"e-n-tab-content-2033732352\" style=\"--n-tabs-title-order: 2;\">\n\t\t\t\t\t\t<span class=\"e-n-tab-title-text\">\n\t\t\t\tCARACT\u00cdSTICAS\t\t\t<\/span>\n\t\t<\/button>\n\t\t\t\t<button id=\"e-n-tab-title-2033732353\" class=\"e-n-tab-title\" aria-selected=\"false\" data-tab-index=\"3\" role=\"tab\" tabindex=\"-1\" aria-controls=\"e-n-tab-content-2033732353\" style=\"--n-tabs-title-order: 3;\">\n\t\t\t\t\t\t<span class=\"e-n-tab-title-text\">\n\t\t\t\tINFORMACI\u00d3N DE SOPORTE\t\t\t<\/span>\n\t\t<\/button>\n\t\t\t\t<button id=\"e-n-tab-title-2033732354\" class=\"e-n-tab-title\" aria-selected=\"false\" data-tab-index=\"4\" role=\"tab\" tabindex=\"-1\" aria-controls=\"e-n-tab-content-2033732354\" style=\"--n-tabs-title-order: 4;\">\n\t\t\t\t\t\t<span class=\"e-n-tab-title-text\">\n\t\t\t\tAPLICACIONES\t\t\t<\/span>\n\t\t<\/button>\n\t\t\t\t\t<\/div>\n\t\t\t<div class=\"e-n-tabs-content\">\n\t\t\t\t<div id=\"e-n-tab-content-2033732351\" role=\"tabpanel\" aria-labelledby=\"e-n-tab-title-2033732351\" data-tab-index=\"1\" style=\"--n-tabs-title-order: 1;\" class=\"e-active elementor-element elementor-element-0e69b79 e-con-full e-flex e-con e-child\" data-id=\"0e69b79\" data-element_type=\"container\">\n\t\t\t\t<div class=\"elementor-element elementor-element-d5600cf elementor-widget elementor-widget-text-editor\" data-id=\"d5600cf\" data-element_type=\"widget\" data-widget_type=\"text-editor.default\">\n\t\t\t\t<div class=\"elementor-widget-container\">\n\t\t\t\t\t\t\t\t\t<p>El <strong>AnimalTrack<\/strong> dise\u00f1ado para la <strong>localizaci\u00f3n en tiempo real de animales<\/strong>, es una innovaci\u00f3n ergon\u00f3mica, vers\u00e1til, resistente y sostenible ambientalmente, la cual se destaca por su <strong>precisi\u00f3n y capacidad de uso prolongado<\/strong>, gracias a los sensores incorporados y a la integraci\u00f3n de un panel solar con tecnolog\u00eda de cosechadores de energ\u00eda.<\/p><p>El sistema inteligente del panel solar representa una <strong>fuente de energ\u00eda sostenible y eficiente<\/strong>, ya que produce energ\u00eda de manera continua, aun cuando la radiaci\u00f3n solar es baja o casi nula, y mediante el circuito cosechador la almacena para su posterior uso, <strong>logrando un funcionamiento continuo sin depender exclusivamente de bater\u00edas convencionales.<\/strong><\/p><p>Adicionalmente, el dispositivo incorpora un <strong>aceler\u00f3metro de alta precisi\u00f3n<\/strong> que desempe\u00f1a funciones clave. <strong>Este detecta cualquier movimiento o remoci\u00f3n del dispositivo,<\/strong>o que resulta fundamental para la seguridad y protecci\u00f3n de los animales bajo vigilancia, y simult\u00e1neamente, <strong>permite medir el n\u00famero de pasos y la actividad de estos,<\/strong>lo cual es especialmente \u00fatil en aplicaciones de seguimiento y an\u00e1lisis de datos, como detectar comportamientos extra\u00f1os indicadores de enfermedad o actividad de parto, facilitando el acompa\u00f1amiento y gesti\u00f3n de las actividades relacionadas, en tiempo real, en cada aplicaci\u00f3n.<\/p><p>De forma complementaria, se pueden generar geocercas por software, de manera que cuando se detecte un dispositivo traspasando estas fronteras se genere una alarma en la plataforma y\/o alarmas externas. A su vez, se permite la visualizaci\u00f3n en la plataforma del recorrido de los animales hasta por dos a\u00f1os, logrando un mayor control en tiempo real, ahorro en recursos de transporte para la b\u00fasqueda del ganado, y generaci\u00f3n de datos de valor, como los pastos de preferencia de los animales para alimentaci\u00f3n, descanso, entre otros.<\/p><p>Para ello, se ofrece a los clientes de manera opcional la licencia para el uso de una plataforma de monitorizaci\u00f3n remota del dispositivo, respaldada por el fabricante. El uso de otras plataformas de monitorizaci\u00f3n de preferencia del usuario tambi\u00e9n se encuentra soportado.<\/p><p>La combinaci\u00f3n de sus caracter\u00edsticas convierte al dispositivo en una <strong>herramienta eficaz<\/strong> para una amplia gama de aplicaciones, desde la gesti\u00f3n log\u00edstica hasta la vigilancia y protecci\u00f3n de animales en entornos naturales o controlados. Su dise\u00f1o inteligente y su capacidad para adaptarse a diversas condiciones ambientales lo convierten en una <strong>soluci\u00f3n innovadora, amigable con el medio ambiente, y confiable<\/strong> para cada caso de uso.<\/p>\t\t\t\t\t\t\t\t<\/div>\n\t\t\t\t<\/div>\n\t\t\t\t<\/div>\n\t\t<div id=\"e-n-tab-content-2033732352\" role=\"tabpanel\" aria-labelledby=\"e-n-tab-title-2033732352\" data-tab-index=\"2\" style=\"--n-tabs-title-order: 2;\" class=\"elementor-element elementor-element-f501df9 e-con-full e-flex e-con e-child\" data-id=\"f501df9\" data-element_type=\"container\">\n\t\t\t\t<div class=\"elementor-element elementor-element-a364562 elementor-widget elementor-widget-text-editor\" data-id=\"a364562\" data-element_type=\"widget\" data-widget_type=\"text-editor.default\">\n\t\t\t\t<div class=\"elementor-widget-container\">\n\t\t\t\t\t\t\t\t\t<p>El <strong>AnimalTrack<\/strong> device is designed to be easily implemented and to provide relevant data on the applications in which it is integrated. To achieve this, it has several special features, including:<\/p><p>General<\/p><ul><li>Puerto de comunicaci\u00f3n, donde puede instalarse un m\u00f3dulo de comunicaci\u00f3n dual con protocolos para <strong>LoRaWAN\u2122\/Sigfox<\/strong> para las zonas EE.UU.\/UE\/Latam\/Australia.<\/li><li>Bater\u00eda Li-Ion de 1500 mAh, recargable por panel solar de alta eficiencia, con tecnolog\u00eda de cosechadores de energ\u00eda \u2013 No requiere cambio de bater\u00eda.<\/li><li>Aceler\u00f3metro para detectar actividad, remoci\u00f3n y estad\u00edsticas de movimiento.<\/li><li>Localizaci\u00f3n satelital (Gps\/Galileo\/Glonass).<\/li><li>Patr\u00f3n de agarre inteligente para mejor adherencia al pelaje.<\/li><li>Contrapeso para adecuado posicionamiento.<\/li><\/ul><p>\u00a0<\/p><p>Interfaz en aplicaci\u00f3n web para la visualizaci\u00f3n de:<\/p><ul><li>Mediciones actuales.<\/li><li>Registro gr\u00e1fico de variables por hasta 2 a\u00f1os.<\/li><\/ul><p>\u00a0<\/p><p>Sistemas de alarmas:<\/p><ul><li>Geocercas y alertas por inactividad o remoci\u00f3n del dispositivo.<\/li><li>Visualizaci\u00f3n remota de alarmas en aplicaciones WEB o m\u00f3viles.<\/li><li>Alarmas externas enviadas por SMS, correo electr\u00f3nico, buz\u00f3n de voz, servicio de mensajer\u00eda Telegram o v\u00eda webhooks, para recibir notificaciones de la manera m\u00e1s conveniente a su aplicaci\u00f3n.<\/li><\/ul><p>\u00a0<\/p><p>Adem\u00e1s, mediante el programa de mejoramiento continuo de Omicron IoT Solutions, se producen mejoras tanto a nivel de hardware y software, a fin de que su aplicaci\u00f3n se encuentre siempre a la vanguardia y pueda sacar el m\u00e1ximo provecho de sus dispositivos <strong>AnimalTrack<\/strong>. <strong>AnimalTrack <\/strong>devices.<\/p>\t\t\t\t\t\t\t\t<\/div>\n\t\t\t\t<\/div>\n\t\t\t\t<\/div>\n\t\t<div id=\"e-n-tab-content-2033732353\" role=\"tabpanel\" aria-labelledby=\"e-n-tab-title-2033732353\" data-tab-index=\"3\" style=\"--n-tabs-title-order: 3;\" class=\"elementor-element elementor-element-9cc58b4 e-con-full e-flex e-con e-child\" data-id=\"9cc58b4\" data-element_type=\"container\">\n\t\t\t\t<div class=\"elementor-element elementor-element-ef20211 elementor-widget elementor-widget-text-editor\" data-id=\"ef20211\" data-element_type=\"widget\" data-widget_type=\"text-editor.default\">\n\t\t\t\t<div class=\"elementor-widget-container\">\n\t\t\t\t\t\t\t\t\t<p>Una gran cantidad de informaci\u00f3n documental y de soporte se encuentra disponible, con esta podr\u00e1 conocer y entender todos los aspectos necesarios para ordenar su dispositivo <strong>AnimalTrack<\/strong> y aprender a utilizar cada uno de los componentes y las funcionalidades que ofrece.<br \/><br \/><\/p><ul><li><strong>AnimalTrack<\/strong> Hoja de Datos <a href=\"\/wp-content\/uploads\/2024\/10\/AnimalTrack-Datasheet-V-1.3.pdf\"><span style=\"color: #ff0000;\"><strong>Descargar PDF<\/strong><\/span><\/a><\/li><\/ul>\t\t\t\t\t\t\t\t<\/div>\n\t\t\t\t<\/div>\n\t\t\t\t<\/div>\n\t\t<div id=\"e-n-tab-content-2033732354\" role=\"tabpanel\" aria-labelledby=\"e-n-tab-title-2033732354\" data-tab-index=\"4\" style=\"--n-tabs-title-order: 4;\" class=\"elementor-element elementor-element-2f962b9 e-con-full e-flex e-con e-child\" data-id=\"2f962b9\" data-element_type=\"container\">\n\t\t\t\t<div class=\"elementor-element elementor-element-df326af elementor-widget elementor-widget-text-editor\" data-id=\"df326af\" data-element_type=\"widget\" data-widget_type=\"text-editor.default\">\n\t\t\t\t<div class=\"elementor-widget-container\">\n\t\t\t\t\t\t\t\t\t<p>El <strong>AnimalTrack <\/strong>es un dispositivo vers\u00e1til, ergon\u00f3mico, y duradero, con capacidad de adaptaci\u00f3n a m\u00faltiples aplicaciones. Gracias a los elementos integrados logra ser aplicable a casos como:<\/p><ul><li>Granjas de ganado vacuno, caballos, cabras, ovejas, entre otros.<\/li><li>Investigaci\u00f3n y fauna salvaje.<\/li><li>Vigilancia de la actividad de los animales y gesti\u00f3n basada en datos.<\/li><li>Protecci\u00f3n contra el abigeato o escape de los animales.<\/li><li>Detecci\u00f3n y asistencia en enfermedades o seguimiento en periodos de gestaci\u00f3n.<\/li><\/ul>\t\t\t\t\t\t\t\t<\/div>\n\t\t\t\t<\/div>\n\t\t\t\t<\/div>\n\t\t\t\t\t<\/div>\n\t\t<\/div>\n\t\t\t\t\t\t<\/div>\n\t\t\t\t<\/div>\n\t\t\t\t<\/div>\n\t\t\t\t<\/div>","protected":false},"excerpt":{"rendered":"<p>AnimalTrack LoRaWAN\u2122 and Sigfox IoT device for animal localization and tracking. Get a pricing plan DESCRIPTION FEATURES SUPPORT INFORMATION APPLICATIONS The AnimalTrack device, designed for real-time animal tracking, is an ergonomic, versatile, resistant, and environmentally sustainable innovation, which stands out for its accuracy and capacity for prolonged use, thanks to the built-in sensors and the [&hellip;]<\/p>","protected":false},"author":1,"featured_media":0,"parent":0,"menu_order":0,"comment_status":"closed","ping_status":"closed","template":"elementor_header_footer","meta":{"_joinchat":[],"footnotes":""},"class_list":["post-160","page","type-page","status-publish","hentry"],"_links":{"self":[{"href":"https:\/\/omicroniot.com\/es\/wp-json\/wp\/v2\/pages\/160","targetHints":{"allow":["GET"]}}],"collection":[{"href":"https:\/\/omicroniot.com\/es\/wp-json\/wp\/v2\/pages"}],"about":[{"href":"https:\/\/omicroniot.com\/es\/wp-json\/wp\/v2\/types\/page"}],"author":[{"embeddable":true,"href":"https:\/\/omicroniot.com\/es\/wp-json\/wp\/v2\/users\/1"}],"replies":[{"embeddable":true,"href":"https:\/\/omicroniot.com\/es\/wp-json\/wp\/v2\/comments?post=160"}],"version-history":[{"count":19,"href":"https:\/\/omicroniot.com\/es\/wp-json\/wp\/v2\/pages\/160\/revisions"}],"predecessor-version":[{"id":251,"href":"https:\/\/omicroniot.com\/es\/wp-json\/wp\/v2\/pages\/160\/revisions\/251"}],"wp:attachment":[{"href":"https:\/\/omicroniot.com\/es\/wp-json\/wp\/v2\/media?parent=160"}],"curies":[{"name":"wp","href":"https:\/\/api.w.org\/{rel}","templated":true}]}}