{"id":66,"date":"2024-10-02T18:02:36","date_gmt":"2024-10-02T18:02:36","guid":{"rendered":"https:\/\/omicroniot.com\/?page_id=66"},"modified":"2024-10-02T21:16:14","modified_gmt":"2024-10-02T21:16:14","slug":"plc-iot-no-code","status":"publish","type":"page","link":"https:\/\/omicroniot.com\/es\/plc-iot-no-code\/","title":{"rendered":"Plc iot no code"},"content":{"rendered":"<div data-elementor-type=\"wp-page\" data-elementor-id=\"66\" class=\"elementor elementor-66\" data-elementor-post-type=\"page\">\n\t\t\t\t<div class=\"elementor-element elementor-element-fa83ef1 e-con-full e-flex e-con e-parent\" data-id=\"fa83ef1\" data-element_type=\"container\">\n\t\t<div class=\"elementor-element elementor-element-20a115c e-con-full e-flex e-con e-child\" data-id=\"20a115c\" data-element_type=\"container\">\n\t\t\t\t<div class=\"elementor-element elementor-element-95c6584 elementor-arrows-position-inside elementor-widget elementor-widget-image-carousel\" data-id=\"95c6584\" data-element_type=\"widget\" data-settings=\"{&quot;slides_to_show&quot;:&quot;1&quot;,&quot;navigation&quot;:&quot;arrows&quot;,&quot;autoplay&quot;:&quot;yes&quot;,&quot;pause_on_hover&quot;:&quot;yes&quot;,&quot;pause_on_interaction&quot;:&quot;yes&quot;,&quot;autoplay_speed&quot;:5000,&quot;infinite&quot;:&quot;yes&quot;,&quot;effect&quot;:&quot;slide&quot;,&quot;speed&quot;:500}\" data-widget_type=\"image-carousel.default\">\n\t\t\t\t<div class=\"elementor-widget-container\">\n\t\t\t\t\t\t\t<div class=\"elementor-image-carousel-wrapper swiper\" role=\"region\" aria-roledescription=\"carousel\" aria-label=\"Carrusel de im\u00e1genes\" dir=\"ltr\" data-no-translation-aria-label=\"\">\n\t\t\t<div class=\"elementor-image-carousel swiper-wrapper\" aria-live=\"off\">\n\t\t\t\t\t\t\t\t<div class=\"swiper-slide\" role=\"group\" aria-roledescription=\"slide\" aria-label=\"1 of 7\" data-no-translation-aria-label=\"\"><figure class=\"swiper-slide-inner\"><img decoding=\"async\" class=\"swiper-slide-image\" src=\"https:\/\/omicroniot.com\/wp-content\/uploads\/2024\/10\/DSC_0157-min.webp\" alt=\"DSC_0157-min\" \/><\/figure><\/div><div class=\"swiper-slide\" role=\"group\" aria-roledescription=\"slide\" aria-label=\"2 of 7\" data-no-translation-aria-label=\"\"><figure class=\"swiper-slide-inner\"><img decoding=\"async\" class=\"swiper-slide-image\" src=\"https:\/\/omicroniot.com\/wp-content\/uploads\/2024\/10\/DSC_0153-min.webp\" alt=\"DSC_0153-min\" \/><\/figure><\/div><div class=\"swiper-slide\" role=\"group\" aria-roledescription=\"slide\" aria-label=\"3 of 7\" data-no-translation-aria-label=\"\"><figure class=\"swiper-slide-inner\"><img decoding=\"async\" class=\"swiper-slide-image\" src=\"https:\/\/omicroniot.com\/wp-content\/uploads\/2024\/10\/1698928022773-scaled-min.webp\" alt=\"1698928022773-scaled-min\" \/><\/figure><\/div><div class=\"swiper-slide\" role=\"group\" aria-roledescription=\"slide\" aria-label=\"4 of 7\" data-no-translation-aria-label=\"\"><figure class=\"swiper-slide-inner\"><img decoding=\"async\" class=\"swiper-slide-image\" src=\"https:\/\/omicroniot.com\/wp-content\/uploads\/2024\/10\/1698928022812-scaled-min.webp\" alt=\"1698928022812-scaled-min\" \/><\/figure><\/div><div class=\"swiper-slide\" role=\"group\" aria-roledescription=\"slide\" aria-label=\"5 of 7\" data-no-translation-aria-label=\"\"><figure class=\"swiper-slide-inner\"><img decoding=\"async\" class=\"swiper-slide-image\" src=\"https:\/\/omicroniot.com\/wp-content\/uploads\/2024\/10\/1698928022823-scaled-min.webp\" alt=\"1698928022823-scaled-min\" \/><\/figure><\/div><div class=\"swiper-slide\" role=\"group\" aria-roledescription=\"slide\" aria-label=\"6 of 7\" data-no-translation-aria-label=\"\"><figure class=\"swiper-slide-inner\"><img decoding=\"async\" class=\"swiper-slide-image\" src=\"https:\/\/omicroniot.com\/wp-content\/uploads\/2024\/10\/1698928022833-1-scaled-min.webp\" alt=\"1698928022833-1-scaled-min\" \/><\/figure><\/div><div class=\"swiper-slide\" role=\"group\" aria-roledescription=\"slide\" aria-label=\"7 of 7\" data-no-translation-aria-label=\"\"><figure class=\"swiper-slide-inner\"><img decoding=\"async\" class=\"swiper-slide-image\" src=\"https:\/\/omicroniot.com\/wp-content\/uploads\/2024\/10\/DSC_0162-min.webp\" alt=\"DSC_0162-min\" \/><\/figure><\/div>\t\t\t<\/div>\n\t\t\t\t\t\t\t\t\t\t\t\t<div class=\"elementor-swiper-button elementor-swiper-button-prev\" role=\"button\" tabindex=\"0\">\n\t\t\t\t\t\t<svg aria-hidden=\"true\" class=\"e-font-icon-svg e-eicon-chevron-left\" viewbox=\"0 0 1000 1000\" xmlns=\"http:\/\/www.w3.org\/2000\/svg\"><path d=\"M646 125C629 125 613 133 604 142L308 442C296 454 292 471 292 487 292 504 296 521 308 533L604 854C617 867 629 875 646 875 663 875 679 871 692 858 704 846 713 829 713 812 713 796 708 779 692 767L438 487 692 225C700 217 708 204 708 187 708 171 704 154 692 142 675 129 663 125 646 125Z\"><\/path><\/svg>\t\t\t\t\t<\/div>\n\t\t\t\t\t<div class=\"elementor-swiper-button elementor-swiper-button-next\" role=\"button\" tabindex=\"0\">\n\t\t\t\t\t\t<svg aria-hidden=\"true\" class=\"e-font-icon-svg e-eicon-chevron-right\" viewbox=\"0 0 1000 1000\" xmlns=\"http:\/\/www.w3.org\/2000\/svg\"><path d=\"M696 533C708 521 713 504 713 487 713 471 708 454 696 446L400 146C388 133 375 125 354 125 338 125 325 129 313 142 300 154 292 171 292 187 292 204 296 221 308 233L563 492 304 771C292 783 288 800 288 817 288 833 296 850 308 863 321 871 338 875 354 875 371 875 388 867 400 854L696 533Z\"><\/path><\/svg>\t\t\t\t\t<\/div>\n\t\t\t\t\n\t\t\t\t\t\t\t\t\t<\/div>\n\t\t\t\t\t\t<\/div>\n\t\t\t\t<\/div>\n\t\t\t\t<\/div>\n\t\t<div class=\"elementor-element elementor-element-9fbd43a e-con-full e-flex e-con e-child\" data-id=\"9fbd43a\" data-element_type=\"container\">\n\t\t\t\t<div class=\"elementor-element elementor-element-b179b82 elementor-widget elementor-widget-heading\" data-id=\"b179b82\" data-element_type=\"widget\" data-widget_type=\"heading.default\">\n\t\t\t\t<div class=\"elementor-widget-container\">\n\t\t\t\t\t<h1 class=\"elementor-heading-title elementor-size-default\">Kontrolog<\/h1>\t\t\t\t<\/div>\n\t\t\t\t<\/div>\n\t\t\t\t<div class=\"elementor-element elementor-element-9903540 elementor-widget elementor-widget-heading\" data-id=\"9903540\" data-element_type=\"widget\" data-widget_type=\"heading.default\">\n\t\t\t\t<div class=\"elementor-widget-container\">\n\t\t\t\t\t<h2 class=\"elementor-heading-title elementor-size-default\">PLC IoT LoRaWAN\u2122\/Sigfox y WiFi para monitoreo y control remoto, con pantalla HMI para configuraci\u00f3n y visualizaci\u00f3n.<\/h2>\t\t\t\t<\/div>\n\t\t\t\t<\/div>\n\t\t\t\t<div class=\"elementor-element elementor-element-4e3d5a2 elementor-align-center elementor-mobile-align-justify elementor-widget elementor-widget-button\" data-id=\"4e3d5a2\" data-element_type=\"widget\" data-widget_type=\"button.default\">\n\t\t\t\t<div class=\"elementor-widget-container\">\n\t\t\t\t\t\t\t\t\t<div class=\"elementor-button-wrapper\">\n\t\t\t\t\t<a class=\"elementor-button elementor-button-link elementor-size-sm\" href=\"https:\/\/api.whatsapp.com\/send?phone=573174365062\" target=\"_blank\">\n\t\t\t\t\t\t<span class=\"elementor-button-content-wrapper\">\n\t\t\t\t\t\t<span class=\"elementor-button-icon\">\n\t\t\t\t<svg aria-hidden=\"true\" class=\"e-font-icon-svg e-fab-whatsapp\" viewbox=\"0 0 448 512\" xmlns=\"http:\/\/www.w3.org\/2000\/svg\"><path d=\"M380.9 97.1C339 55.1 283.2 32 223.9 32c-122.4 0-222 99.6-222 222 0 39.1 10.2 77.3 29.6 111L0 480l117.7-30.9c32.4 17.7 68.9 27 106.1 27h.1c122.3 0 224.1-99.6 224.1-222 0-59.3-25.2-115-67.1-157zm-157 341.6c-33.2 0-65.7-8.9-94-25.7l-6.7-4-69.8 18.3L72 359.2l-4.4-7c-18.5-29.4-28.2-63.3-28.2-98.2 0-101.7 82.8-184.5 184.6-184.5 49.3 0 95.6 19.2 130.4 54.1 34.8 34.9 56.2 81.2 56.1 130.5 0 101.8-84.9 184.6-186.6 184.6zm101.2-138.2c-5.5-2.8-32.8-16.2-37.9-18-5.1-1.9-8.8-2.8-12.5 2.8-3.7 5.6-14.3 18-17.6 21.8-3.2 3.7-6.5 4.2-12 1.4-32.6-16.3-54-29.1-75.5-66-5.7-9.8 5.7-9.1 16.3-30.3 1.8-3.7.9-6.9-.5-9.7-1.4-2.8-12.5-30.1-17.1-41.2-4.5-10.8-9.1-9.3-12.5-9.5-3.2-.2-6.9-.2-10.6-.2-3.7 0-9.7 1.4-14.8 6.9-5.1 5.6-19.4 19-19.4 46.3 0 27.3 19.9 53.7 22.6 57.4 2.8 3.7 39.1 59.7 94.8 83.8 35.2 15.2 49 16.5 66.6 13.9 10.7-1.6 32.8-13.4 37.4-26.4 4.6-13 4.6-24.1 3.2-26.4-1.3-2.5-5-3.9-10.5-6.6z\"><\/path><\/svg>\t\t\t<\/span>\n\t\t\t\t\t\t\t\t\t<span class=\"elementor-button-text\">Obtener un plan de precios<\/span>\n\t\t\t\t\t<\/span>\n\t\t\t\t\t<\/a>\n\t\t\t\t<\/div>\n\t\t\t\t\t\t\t\t<\/div>\n\t\t\t\t<\/div>\n\t\t\t\t<\/div>\n\t\t\t\t<\/div>\n\t\t<div class=\"elementor-element elementor-element-2625af9 e-con-full e-flex e-con e-parent\" data-id=\"2625af9\" data-element_type=\"container\">\n\t\t\t\t<div class=\"elementor-element elementor-element-72f270f e-n-tabs-mobile elementor-widget elementor-widget-n-tabs\" data-id=\"72f270f\" data-element_type=\"widget\" data-settings=\"{&quot;tabs_justify_horizontal&quot;:&quot;stretch&quot;,&quot;horizontal_scroll&quot;:&quot;disable&quot;}\" data-widget_type=\"nested-tabs.default\">\n\t\t\t\t<div class=\"elementor-widget-container\">\n\t\t\t\t\t\t\t<div class=\"e-n-tabs\" data-widget-number=\"120530703\" aria-label=\"Tabs. Open items with Enter or Space, close with Escape and navigate using the Arrow keys.\" data-no-translation-aria-label=\"\">\n\t\t\t<div class=\"e-n-tabs-heading\" role=\"tablist\">\n\t\t\t\t\t<button id=\"e-n-tab-title-1205307031\" class=\"e-n-tab-title\" aria-selected=\"true\" data-tab-index=\"1\" role=\"tab\" tabindex=\"0\" aria-controls=\"e-n-tab-content-1205307031\" style=\"--n-tabs-title-order: 1;\">\n\t\t\t\t\t\t<span class=\"e-n-tab-title-text\">\n\t\t\t\tDESCRIPCI\u00d3N\t\t\t<\/span>\n\t\t<\/button>\n\t\t\t\t<button id=\"e-n-tab-title-1205307032\" class=\"e-n-tab-title\" aria-selected=\"false\" data-tab-index=\"2\" role=\"tab\" tabindex=\"-1\" aria-controls=\"e-n-tab-content-1205307032\" style=\"--n-tabs-title-order: 2;\">\n\t\t\t\t\t\t<span class=\"e-n-tab-title-text\">\n\t\t\t\tCARACT\u00cdSTICAS\t\t\t<\/span>\n\t\t<\/button>\n\t\t\t\t<button id=\"e-n-tab-title-1205307033\" class=\"e-n-tab-title\" aria-selected=\"false\" data-tab-index=\"3\" role=\"tab\" tabindex=\"-1\" aria-controls=\"e-n-tab-content-1205307033\" style=\"--n-tabs-title-order: 3;\">\n\t\t\t\t\t\t<span class=\"e-n-tab-title-text\">\n\t\t\t\tINFORMACI\u00d3N DE SOPORTE\t\t\t<\/span>\n\t\t<\/button>\n\t\t\t\t<button id=\"e-n-tab-title-1205307034\" class=\"e-n-tab-title\" aria-selected=\"false\" data-tab-index=\"4\" role=\"tab\" tabindex=\"-1\" aria-controls=\"e-n-tab-content-1205307034\" style=\"--n-tabs-title-order: 4;\">\n\t\t\t\t\t\t<span class=\"e-n-tab-title-text\">\n\t\t\t\tACCESORIOS\t\t\t<\/span>\n\t\t<\/button>\n\t\t\t\t<button id=\"e-n-tab-title-1205307035\" class=\"e-n-tab-title\" aria-selected=\"false\" data-tab-index=\"5\" role=\"tab\" tabindex=\"-1\" aria-controls=\"e-n-tab-content-1205307035\" style=\"--n-tabs-title-order: 5;\">\n\t\t\t\t\t\t<span class=\"e-n-tab-title-text\">\n\t\t\t\tAPLICACIONES\t\t\t<\/span>\n\t\t<\/button>\n\t\t\t\t\t<\/div>\n\t\t\t<div class=\"e-n-tabs-content\">\n\t\t\t\t<div id=\"e-n-tab-content-1205307031\" role=\"tabpanel\" aria-labelledby=\"e-n-tab-title-1205307031\" data-tab-index=\"1\" style=\"--n-tabs-title-order: 1;\" class=\"e-active elementor-element elementor-element-bbd1fe0 e-con-full e-flex e-con e-child\" data-id=\"bbd1fe0\" data-element_type=\"container\">\n\t\t\t\t<div class=\"elementor-element elementor-element-4ff448b elementor-widget elementor-widget-text-editor\" data-id=\"4ff448b\" data-element_type=\"widget\" data-widget_type=\"text-editor.default\">\n\t\t\t\t<div class=\"elementor-widget-container\">\n\t\t\t\t\t\t\t\t\t<p>El <strong>Kontrolog<\/strong> es un controlador programable para IoT (Internet of Things), dise\u00f1ado para el <strong>control y monitoreo, remoto y en tiempo real, de diferentes procesos con requisitos de alta seguridad y precisi\u00f3n.<\/strong>Adaptado a su aplicaci\u00f3n, el dispositivo puede usarse f\u00e1cilmente despu\u00e9s del montaje. En su interior se alojan componentes electr\u00f3nicos como un microcontrolador (CPU) y la memoria, y dem\u00e1s elementos de hardware como: fuentes de voltaje, salidas de potencia, los puertos necesarios para alojar los sensores y el m\u00f3dulo de comunicaci\u00f3n IoT. En el microcontrolador se aloja el software embebido, el cual realiza las tareas de: leer los sensores conectados a sus puertos, crear los paquetes o tramas de monitoreo, configurar y activar el m\u00f3dulo de comunicaci\u00f3n, enviar los datos a intervalos que pueden ser variables dependiendo de los tiempos de publicaci\u00f3n programados, generar alertas y desarrollar tareas de control.<br \/><br \/>Es posible configurar de forma local o remota los par\u00e1metros propios de cada sensor y del equipo, tales como niveles de alarma y tiempo de activaci\u00f3n, tiempo de publicaci\u00f3n de datos, entre otros. Esto puede hacerse a trav\u00e9s de la pantalla HMI en sitio, y a trav\u00e9s de una plataforma de configuraci\u00f3n remota.<br \/><br \/>Para ello, se ofrece a los clientes de manera opcional la licencia para el uso de una plataforma de monitorizaci\u00f3n y configuraci\u00f3n remota del dispositivo, respaldada por el fabricante. El uso de otras plataformas de monitorizaci\u00f3n y control de preferencia del usuario tambi\u00e9n se encuentra soportado.<\/p>\t\t\t\t\t\t\t\t<\/div>\n\t\t\t\t<\/div>\n\t\t\t\t<\/div>\n\t\t<div id=\"e-n-tab-content-1205307032\" role=\"tabpanel\" aria-labelledby=\"e-n-tab-title-1205307032\" data-tab-index=\"2\" style=\"--n-tabs-title-order: 2;\" class=\"elementor-element elementor-element-c801366 e-con-full e-flex e-con e-child\" data-id=\"c801366\" data-element_type=\"container\">\n\t\t\t\t<div class=\"elementor-element elementor-element-2aa1d95 elementor-widget elementor-widget-text-editor\" data-id=\"2aa1d95\" data-element_type=\"widget\" data-widget_type=\"text-editor.default\">\n\t\t\t\t<div class=\"elementor-widget-container\">\n\t\t\t\t\t\t\t\t\t<p><strong>Existen dos modelos del dispositivo Kontrolog, designados por los nombres Kontrolog 9.3 y Kontrolog 9.2.<\/strong>La principal diferencia entre estos es que el Kontrolog 9.3 posee una salida (la No. 5) que es an\u00e1loga (4-20mA); mientras que, para el Kontrolog 9.2, todas sus salidas son de tipo rel\u00e9.<\/p><p>Las principales caracter\u00edsticas t\u00e9cnicas de estos dos modelos del dispositivo <strong>Kontrolog<\/strong> se enumeran a continuaci\u00f3n.<\/p><ul><li>Cinco (5) Entradas para sensores, los cuales se pueden configurar como:<ul><li style=\"list-style-type: none;\"><ul><li>Entrada an\u00e1loga 4-20mA.<\/li><li>Entrada an\u00e1loga 0-10 V.<\/li><li>Entrada an\u00e1loga de temperatura para termistor NTC 10K \u2013 3950.<\/li><li>Entrada digital 1\/0.<\/li><li>Entrada para sensor an\u00e1logo de temperatura y humedad ambiente.<\/li><li>Contador de pulsos digitales.<\/li><li>Medidor de Frecuencia (Solo Entrada 5, hasta 20kHz).<\/li><\/ul><\/li><\/ul><\/li><li>Entrada para bater\u00eda 6\/12 VDC, tambi\u00e9n se mide el voltaje de alimentaci\u00f3n DC.<\/li><li>Entrada para alimentaci\u00f3n 110\/220 VAC, tambi\u00e9n se mide el voltaje de alimentaci\u00f3n AC.<\/li><li>Una (1) entrada para el transformador de corriente para medir corriente AC en los rangos:<br \/>0 a 30 A | 0 a 50 A | 0 a 100 A<\/li><li>Un puerto de entrada Modbus RTU (RS-485) que opera como maestro en la red, con el cual se pueden leer hasta cinco diferentes sensores externos.<\/li><li>\u00a0Alarmas:<ul><li style=\"list-style-type: none;\"><ul><li>Alarmas visuales y sonoras incorporadas, as\u00ed como alarmas visibles de forma remota en la aplicaci\u00f3n m\u00f3vil o WEB.<\/li><li>Integraci\u00f3n a la plataforma para el env\u00edo de alarmas externas por SMS, mensaje de voz, correo electr\u00f3nico, servicio de mensajer\u00eda de Telegram, entre otros.<\/li><\/ul><\/li><\/ul><\/li><li>Cinco (5) salidas de control:<ul><li style=\"list-style-type: none;\"><ul><li>Para el <strong>Kontrolog 9.2<\/strong>: 5 rel\u00e9s de salida, de los cuales, dos pueden manejar hasta 12A@120VAC y tres hasta 3A@120VAC.<\/li><li>Para el <strong>Kontrolog 9.3<\/strong>: 4 rel\u00e9s de salida, de los cuales dos pueden manejar hasta 12A@120VAC y dos hasta 3A@120VAC; y una quinta salida an\u00e1loga de 4-20 mA.<br \/>Para realizar tareas de control, tales como:<ul><li style=\"list-style-type: none;\"><ul><li>Control por comandos remotos enviados desde la plataforma.<\/li><li>Control ON\/OFF con hist\u00e9resis para refrigeraci\u00f3n o calefacci\u00f3n.<\/li><li>Temporizador.<\/li><li>Salida configurada como seguimiento de sensor de entrada asociado.<\/li><li>Alarma remota.<\/li><li>Contador de eventos.<\/li><li>Control PID.<\/li><\/ul><\/li><\/ul><\/li><\/ul><\/li><\/ul><\/li><li>Pantalla HMI: (Human Machine Interface); LCD full color t\u00e1ctil de 4.3\u201d para programaci\u00f3n y visualizaci\u00f3n de datos.<\/li><li>Puerto de comunicaci\u00f3n, donde puede instalarse un m\u00f3dulo de comunicaci\u00f3n dual con protocolos para <strong>LoRaWAN\u2122\/Sigfox<\/strong> para las zonas EE.UU.\/UE\/Latam\/Australia, o un m\u00f3dulo de comunicaci\u00f3n WiFi.<\/li><li><strong>Kontrolog<\/strong> poseen tambi\u00e9n un sistema de reloj de tiempo real (RTC) y la capacidad de sincronizar este reloj a trav\u00e9s de la comunicaci\u00f3n con el servicio de software, de tal manera que puede almacenar como respaldo los \u00faltimos 140 mensajes enviados, con una estampa correcta de tiempo.<\/li><li>Posibilidad de membres\u00eda para el uso de una <strong>plataforma para monitoreo y configuraci\u00f3n remota, <\/strong>soportada por el fabricante.<\/li><li><strong>Actualizaci\u00f3n del c\u00f3digo a trav\u00e9s del puerto de comunicaci\u00f3n serial <\/strong>al cual se conecta la pantalla HMI.<\/li><\/ul><ul><li style=\"list-style-type: none;\"><ul><li style=\"list-style-type: none;\">\u00a0<\/li><\/ul><\/li><\/ul>\t\t\t\t\t\t\t\t<\/div>\n\t\t\t\t<\/div>\n\t\t\t\t<\/div>\n\t\t<div id=\"e-n-tab-content-1205307033\" role=\"tabpanel\" aria-labelledby=\"e-n-tab-title-1205307033\" data-tab-index=\"3\" style=\"--n-tabs-title-order: 3;\" class=\"elementor-element elementor-element-159fad6 e-con-full e-flex e-con e-child\" data-id=\"159fad6\" data-element_type=\"container\">\n\t\t\t\t<div class=\"elementor-element elementor-element-f0e719e elementor-widget elementor-widget-text-editor\" data-id=\"f0e719e\" data-element_type=\"widget\" data-widget_type=\"text-editor.default\">\n\t\t\t\t<div class=\"elementor-widget-container\">\n\t\t\t\t\t\t\t\t\tUna gran cantidad de informaci\u00f3n documental y de soporte se encuentra disponible, con esta podr\u00e1 conocer y entender todos los aspectos necesarios para ordenar su dispositivo Kontrolog, los accesorios que mejor se adapten a su aplicaci\u00f3n y aprender a utilizar cada uno de los componentes y las funcionalidades que el Kontrolog ofrece.\n<ul>\n \t<li>Manual del Usuario\u00a0 <a href=\"\/wp-content\/uploads\/2024\/10\/Kontrolog-Users-Manual-V-1.4_v2.pdf\" target=\"_blank\" rel=\"noopener\"><span style=\"color: #ff0000;\"><strong>Descargar PDF<\/strong><\/span><\/a><\/li>\n \t<li>Gu\u00eda de Inicio R\u00e1pido <a href=\"\/wp-content\/uploads\/2024\/10\/Kontrolog-Quick-Start-Guide-V-1.7_v2.pdf\" target=\"_blank\" rel=\"noopener\"><span style=\"color: #ff0000;\"><strong>Descargar PDF<\/strong><\/span><\/a><\/li>\n \t<li>Hoja de Datos del Kontrolog <a href=\"\/wp-content\/uploads\/2024\/10\/Kontrolog-Datasheet-V-1.5_v2.pdf\" target=\"_blank\" rel=\"noopener\"><span style=\"color: #ff0000;\"><strong>Descargar PDF<\/strong><\/span><\/a><\/li>\n \t<li>Hoja de Datos del M\u00f3dulo de Expansi\u00f3n de 8 Entradas <a href=\"\/wp-content\/uploads\/2024\/10\/Expansion-Module-8-Inputs-Datasheet-V-1.0_v2.pdf\" target=\"_blank\" rel=\"noopener\"><span style=\"color: #ff0000;\"><strong>Descargar PDF<\/strong><\/span><\/a><\/li>\n \t<li>Hoja de Datos del M\u00f3dulo de Expansi\u00f3n de 8 Salidas <a href=\"\/wp-content\/uploads\/2024\/10\/Expansion-Module-8-Outputs-Datasheet-V-1.0_v2.pdf\" target=\"_blank\" rel=\"noopener\"><span style=\"color: #ff0000;\"><strong>Descargar PDF<\/strong><\/span><\/a><\/li>\n \t<li>Repositorio Web \u2013 Kontrolog (GitHub):\n<ul>\n \t<li><a href=\"https:\/\/github.com\/Omicron-IoT-Solutions\/Kontrolog\">https:\/\/github.com\/Omicron-IoT-Solutions\/Kontrolog<\/a><\/li>\n<\/ul>\n<\/li>\n \t<li>Canal de YouTube \u2013 Lista Kontrolog (YouTube):\n<ul>\n \t<li><a href=\"https:\/\/www.youtube.com\/playlist?list=PLyuRcsMDP86KjKV3nNdl9gFFQJmNl_80E\">https:\/\/www.youtube.com\/playlist?list=PLyuRcsMDP86KjKV3nNdl9gFFQJmNl_80E<\/a><\/li>\n<\/ul>\n<\/li>\n<\/ul>\nDonde podr\u00e1 encontrar tutoriales como:\n<ul>\n \t<li>Connect your Kontrolog to The Things Network (TTN) \u2013 LoRaWAN<\/li>\n \t<li>Connect your Kontrolog to the Sigfox Backend \u2013 Sigfox<\/li>\n \t<li>Get To Know The Kontrolog<\/li>\n \t<li>Kontrolog Settings Menu<\/li>\n \t<li>Mounting the Kontrolog device<\/li>\n \t<li>Tutorial: Connect your Kontrolog devices over LoRaWAN\u2122 or Sigfox to Ubidots:\n<ul>\n \t<li><a href=\"https:\/\/github.com\/Omicron-IoT-Solutions\/Ubidots-Tutorials\/tree\/main\/Kontrolog\">https:\/\/github.com\/Omicron-IoT-Solutions\/Ubidots-Tutorials\/tree\/main\/Kontrolog<\/a><\/li>\n<\/ul>\n<\/li>\n<\/ul>\n<ul>\n \t<li style=\"list-style-type: none;\"><\/li>\n<\/ul>\t\t\t\t\t\t\t\t<\/div>\n\t\t\t\t<\/div>\n\t\t\t\t<\/div>\n\t\t<div id=\"e-n-tab-content-1205307034\" role=\"tabpanel\" aria-labelledby=\"e-n-tab-title-1205307034\" data-tab-index=\"4\" style=\"--n-tabs-title-order: 4;\" class=\"elementor-element elementor-element-7a6a11e e-con-full e-flex e-con e-child\" data-id=\"7a6a11e\" data-element_type=\"container\">\n\t\t\t\t<div class=\"elementor-element elementor-element-0400cbb elementor-widget elementor-widget-text-editor\" data-id=\"0400cbb\" data-element_type=\"widget\" data-widget_type=\"text-editor.default\">\n\t\t\t\t<div class=\"elementor-widget-container\">\n\t\t\t\t\t\t\t\t\t<p>Existe una gran variedad de accesorios para el Kontrolog que pueden ser ordenados, logrando una versatilidad y facilidad excepcional en cada caso de uso. La elecci\u00f3n y disposici\u00f3n cuidadosa de estos elementos permiten una personalizaci\u00f3n precisa de la configuraci\u00f3n del Kontrolog, adapt\u00e1ndolo a las necesidades espec\u00edficas de cada usuario y logrando as\u00ed el mejor desempe\u00f1o posible.<\/p><ul><li><strong>P\/N KL-LCD4.3:<\/strong><ul><li>Pantalla HMI: (Human Machine Interface); LCD full color t\u00e1ctil de 4.3\u201d para programaci\u00f3n y visualizaci\u00f3n de datos en sitio.<\/li><\/ul><\/li><li><strong>P\/N KL-CT30A | KL-CT50A | KL-CT100A:<\/strong><ul><li>Transformador de corriente 30 \/ 50 \/100 A.<\/li><\/ul><\/li><li><strong>P\/N KL-CH6V:<\/strong><ul><li>Cargador de bater\u00eda 6V 0.2A.<\/li><\/ul><\/li><li><strong>P\/N KL-CAB6V:<\/strong><ul><li>Gabinete pl\u00e1stico IP67 - Con bater\u00eda de 6 V \/ 4.5Ah.<\/li><\/ul><\/li><li><strong>P\/N KL-IN-ADAP:<\/strong><ul><li>M\u00f3dulos de adaptaci\u00f3n de entradas an\u00e1logas 0-10V \/ 4-20 mA.<\/li><\/ul><\/li><li><strong>P\/N KL-8IN-12V:<\/strong><ul><li>M\u00f3dulo de expansi\u00f3n de 8 entradas, las cuales pueden programarse como an\u00e1logas (4-20mA \/ 0-10V), digitales (0\/1), contador de pulsos, entre otras.<\/li><\/ul><\/li><li><strong>P\/N KL-T1:<\/strong><ul><li>Sensor de temperatura NTC 10K \u2013 3950 para el Kontrolog.<\/li><\/ul><\/li><li><strong>P\/N KL-UD1-10M:<\/strong><ul><li>Sensor de distancia por ultrasonidos 0-10 m para el Kontrolog. Modbus\/RS-485, 24V.<\/li><\/ul><\/li><li><strong>P\/N KL-UD2-4M:<\/strong><ul><li>Ultrasonic distance sensor 0-4 m for the Kontrolog. Modbus\/RS-485, 5V.<\/li><\/ul><\/li><li><strong>P\/N KL-BT-TH1:<\/strong><ul><li>Sensor de temperatura y humedad para el Kontrolog.<\/li><\/ul><\/li><\/ul>\t\t\t\t\t\t\t\t<\/div>\n\t\t\t\t<\/div>\n\t\t\t\t<\/div>\n\t\t<div id=\"e-n-tab-content-1205307035\" role=\"tabpanel\" aria-labelledby=\"e-n-tab-title-1205307035\" data-tab-index=\"5\" style=\"--n-tabs-title-order: 5;\" class=\"elementor-element elementor-element-5a5234d e-con-full e-flex e-con e-child\" data-id=\"5a5234d\" data-element_type=\"container\">\n\t\t\t\t<div class=\"elementor-element elementor-element-cbc69ca elementor-widget elementor-widget-text-editor\" data-id=\"cbc69ca\" data-element_type=\"widget\" data-widget_type=\"text-editor.default\">\n\t\t\t\t<div class=\"elementor-widget-container\">\n\t\t\t\t\t\t\t\t\tEl Kontrolog es un dispositivo muy vers\u00e1til, con capacidad de personalizaci\u00f3n y adaptabilidad a m\u00faltiples aplicaciones. Con sus diversos m\u00f3dulos y accesorios, puede adaptarse a un gran n\u00famero de soluciones, tales como:\n<ul>\n \t<li>Plantas el\u00e9ctricas.<\/li>\n \t<li>Control de ambientes (CO, CO2, O2).<\/li>\n \t<li>Sistemas de control de riego.<\/li>\n \t<li>Gesti\u00f3n de infraestructuras y edificios.<\/li>\n \t<li>Control de aire acondicionado\/calefacci\u00f3n central.<\/li>\n \t<li>Encendido y apagado remoto de procesos.<\/li>\n \t<li>Automatizaci\u00f3n y control industrial.<\/li>\n \t<li>Vigilancia de seguridad en sistemas como: estaciones de telecomunicaciones, cajeros electr\u00f3nicos, plantas de tratamiento de aguas, entre otros.<\/li>\n \t<li>Vigilancia de estado de equipos.<\/li>\n<\/ul>\t\t\t\t\t\t\t\t<\/div>\n\t\t\t\t<\/div>\n\t\t\t\t<\/div>\n\t\t\t\t\t<\/div>\n\t\t<\/div>\n\t\t\t\t\t\t<\/div>\n\t\t\t\t<\/div>\n\t\t\t\t<\/div>\n\t\t\t\t<\/div>","protected":false},"excerpt":{"rendered":"<p>Kontrolog LoRaWAN\u2122\/Sigfox and WiFi IoT PLC for remote monitoring and control, with HMI display for configuration and visualization Get a pricing plan DESCRIPTION FEATURES SUPPORT INFORMATION ACCESORIES APPLICATIONS The Kontrolog device is a programmable controller for IoT (Internet of Things), designed for remote and real-time control and monitoring of different processes with high security and [&hellip;]<\/p>","protected":false},"author":1,"featured_media":0,"parent":0,"menu_order":0,"comment_status":"closed","ping_status":"closed","template":"elementor_header_footer","meta":{"_joinchat":[],"footnotes":""},"class_list":["post-66","page","type-page","status-publish","hentry"],"_links":{"self":[{"href":"https:\/\/omicroniot.com\/es\/wp-json\/wp\/v2\/pages\/66","targetHints":{"allow":["GET"]}}],"collection":[{"href":"https:\/\/omicroniot.com\/es\/wp-json\/wp\/v2\/pages"}],"about":[{"href":"https:\/\/omicroniot.com\/es\/wp-json\/wp\/v2\/types\/page"}],"author":[{"embeddable":true,"href":"https:\/\/omicroniot.com\/es\/wp-json\/wp\/v2\/users\/1"}],"replies":[{"embeddable":true,"href":"https:\/\/omicroniot.com\/es\/wp-json\/wp\/v2\/comments?post=66"}],"version-history":[{"count":25,"href":"https:\/\/omicroniot.com\/es\/wp-json\/wp\/v2\/pages\/66\/revisions"}],"predecessor-version":[{"id":207,"href":"https:\/\/omicroniot.com\/es\/wp-json\/wp\/v2\/pages\/66\/revisions\/207"}],"wp:attachment":[{"href":"https:\/\/omicroniot.com\/es\/wp-json\/wp\/v2\/media?parent=66"}],"curies":[{"name":"wp","href":"https:\/\/api.w.org\/{rel}","templated":true}]}}